{"id":651,"date":"2025-04-10T13:18:11","date_gmt":"2025-04-10T11:18:11","guid":{"rendered":"https:\/\/musicalemans.fr\/?page_id=651"},"modified":"2025-09-24T14:42:42","modified_gmt":"2025-09-24T12:42:42","slug":"nous-soutenir","status":"publish","type":"page","link":"https:\/\/musicalemans.fr\/index.php\/nous-soutenir\/","title":{"rendered":"Nous soutenir"},"content":{"rendered":"\n<p class=\"has-text-align-center has-white-color has-text-color has-link-color wp-elements-79d6f56188ecda64501285043218b620\" style=\"font-size:24px;text-transform:none\">Devenez membre de soutien<br>de la Musique Municipale du Mans<\/p>\n\n\n\n<figure class=\"wp-block-image size-large\"><img loading=\"lazy\" decoding=\"async\" width=\"1024\" height=\"473\" src=\"https:\/\/musicalemans.fr\/wp-content\/uploads\/2025\/05\/DSC00765-1024x473.jpg\" alt=\"\" class=\"wp-image-735\" srcset=\"https:\/\/musicalemans.fr\/wp-content\/uploads\/2025\/05\/DSC00765-1024x473.jpg 1024w, https:\/\/musicalemans.fr\/wp-content\/uploads\/2025\/05\/DSC00765-300x139.jpg 300w, https:\/\/musicalemans.fr\/wp-content\/uploads\/2025\/05\/DSC00765-768x355.jpg 768w, https:\/\/musicalemans.fr\/wp-content\/uploads\/2025\/05\/DSC00765-1536x710.jpg 1536w, https:\/\/musicalemans.fr\/wp-content\/uploads\/2025\/05\/DSC00765-2048x946.jpg 2048w\" sizes=\"auto, (max-width: 1024px) 100vw, 1024px\" \/><\/figure>\n\n\n\n<p class=\"has-text-align-center has-white-color has-text-color has-link-color wp-elements-d1685c0bd1ec638a1608d4d7ce6936c2\">Vous appr\u00e9ciez nos prestations et souhaitez nous aider \u00e0 faire rayonner la musique au Mans et au-del\u00e0 ?&nbsp;<br>Devenez membre de soutien de la Musique Municipale du Mans !&nbsp;<br><\/p>\n\n\n\n<p class=\"has-text-align-center has-white-color has-text-color has-link-color wp-elements-00ba10979a8de91aaf04000ea7e58f11\">Vous pouvez b\u00e9n\u00e9ficier d&#8217;une d\u00e9duction fiscale de 66% du montant de votre don (60% pour les entreprises).<br>Cliquez sur la solution la plus adapt\u00e9e \u00e0 votre situation.<\/p>\n\n\n\n<p class=\"has-text-align-center has-white-color has-text-color has-link-color wp-elements-13ccf5b4b6c29c9d17d121846c1a0522\"><\/p>\n\n\n\n<div class=\"wp-block-columns is-layout-flex wp-container-core-columns-is-layout-9d6595d7 wp-block-columns-is-layout-flex\">\n<div class=\"wp-block-column is-layout-flow wp-block-column-is-layout-flow\">\n<div class=\"wp-block-buttons is-content-justification-center is-layout-flex wp-container-core-buttons-is-layout-16018d1d wp-block-buttons-is-layout-flex\">\n<div class=\"wp-block-button\"><a class=\"wp-block-button__link has-background wp-element-button\" href=\"https:\/\/www.helloasso.com\/associations\/musique-municipale-du-mans\/formulaires\/1\" style=\"background:linear-gradient(135deg,rgb(6,147,227) 0%,rgb(76,204,223) 0%)\" target=\"_blank\" rel=\"noreferrer noopener\">\ud83d\udcb3 Par carte bancaire<\/a><\/div>\n<\/div>\n\n\n\n<p class=\"has-text-align-center has-small-font-size\"><br>Faites votre don directement sur notre page HelloAsso.<br>Paiement s\u00e9curis\u00e9.<\/p>\n<\/div>\n\n\n\n<div class=\"wp-block-column is-layout-flow wp-block-column-is-layout-flow\">\n<div class=\"wp-block-buttons is-content-justification-center is-layout-flex wp-container-core-buttons-is-layout-16018d1d wp-block-buttons-is-layout-flex\">\n<div class=\"wp-block-button\"><a class=\"wp-block-button__link has-background wp-element-button\" href=\"https:\/\/musicalemans.fr\/wp-content\/uploads\/2025\/04\/Bulletin-Membre-de-soutien-2025.pdf\" style=\"background:linear-gradient(135deg,rgb(6,147,227) 0%,rgb(76,204,223) 0%)\" target=\"_blank\" rel=\"noreferrer noopener\">\ud83c\udfe6 Par ch\u00e8que ou virement bancaire<\/a><\/div>\n<\/div>\n\n\n\n<p class=\"has-text-align-center has-small-font-size\"><br>T\u00e9l\u00e9chargez notre bulletin de membre de soutien et renvoyez-le nous compl\u00e9t\u00e9.<\/p>\n<\/div>\n<\/div>\n\n\n\n<p class=\"has-text-align-center\"><\/p>\n\n\n\n<p><\/p>\n","protected":false},"excerpt":{"rendered":"<p>Devenez membre de soutiende la Musique Municipale du Mans Vous appr\u00e9ciez nos prestations et souhaitez nous aider \u00e0 faire rayonner la musique au Mans et au-del\u00e0 ?&nbsp;Devenez membre de soutien<a href=\"https:\/\/musicalemans.fr\/index.php\/nous-soutenir\/\" class=\"more-link\"><span class=\"readmore\">Continue reading<span class=\"screen-reader-text\">Nous soutenir<\/span><\/span><\/a><\/p>\n","protected":false},"author":4,"featured_media":0,"parent":0,"menu_order":0,"comment_status":"closed","ping_status":"closed","template":"","meta":{"ngg_post_thumbnail":0,"footnotes":""},"class_list":["post-651","page","type-page","status-publish","hentry"],"jetpack_sharing_enabled":true,"_links":{"self":[{"href":"https:\/\/musicalemans.fr\/index.php\/wp-json\/wp\/v2\/pages\/651","targetHints":{"allow":["GET"]}}],"collection":[{"href":"https:\/\/musicalemans.fr\/index.php\/wp-json\/wp\/v2\/pages"}],"about":[{"href":"https:\/\/musicalemans.fr\/index.php\/wp-json\/wp\/v2\/types\/page"}],"author":[{"embeddable":true,"href":"https:\/\/musicalemans.fr\/index.php\/wp-json\/wp\/v2\/users\/4"}],"replies":[{"embeddable":true,"href":"https:\/\/musicalemans.fr\/index.php\/wp-json\/wp\/v2\/comments?post=651"}],"version-history":[{"count":50,"href":"https:\/\/musicalemans.fr\/index.php\/wp-json\/wp\/v2\/pages\/651\/revisions"}],"predecessor-version":[{"id":802,"href":"https:\/\/musicalemans.fr\/index.php\/wp-json\/wp\/v2\/pages\/651\/revisions\/802"}],"wp:attachment":[{"href":"https:\/\/musicalemans.fr\/index.php\/wp-json\/wp\/v2\/media?parent=651"}],"curies":[{"name":"wp","href":"https:\/\/api.w.org\/{rel}","templated":true}]}}