{"id":532,"date":"2025-02-25T15:10:53","date_gmt":"2025-02-25T14:10:53","guid":{"rendered":"https:\/\/musicalemans.fr\/?page_id=532"},"modified":"2026-04-09T17:15:52","modified_gmt":"2026-04-09T15:15:52","slug":"nos-projets","status":"publish","type":"page","link":"https:\/\/musicalemans.fr\/index.php\/nos-projets\/","title":{"rendered":"Nos projets"},"content":{"rendered":"\n<div class=\"wp-block-columns is-layout-flex wp-container-core-columns-is-layout-9d6595d7 wp-block-columns-is-layout-flex\">\n<div class=\"wp-block-column is-layout-flow wp-block-column-is-layout-flow\">\n<div style=\"height:100px\" aria-hidden=\"true\" class=\"wp-block-spacer\"><\/div>\n\n\n\n<p style=\"font-size:14px\">\u2b07\ufe0f Enregistrement vid\u00e9o d&#8217;une r\u00e9p\u00e9tition par le vid\u00e9aste David Piol\u00e9 pour illustrer le film promotionnel de l&#8217;e-moto mancelle Furion<\/p>\n\n\n\n<figure class=\"wp-block-image size-large\"><img loading=\"lazy\" decoding=\"async\" width=\"1024\" height=\"576\" src=\"https:\/\/musicalemans.fr\/wp-content\/uploads\/2026\/04\/Furion_81_6s-1024x576.png\" alt=\"\" class=\"wp-image-949\" srcset=\"https:\/\/musicalemans.fr\/wp-content\/uploads\/2026\/04\/Furion_81_6s-1024x576.png 1024w, https:\/\/musicalemans.fr\/wp-content\/uploads\/2026\/04\/Furion_81_6s-300x169.png 300w, https:\/\/musicalemans.fr\/wp-content\/uploads\/2026\/04\/Furion_81_6s-768x432.png 768w, https:\/\/musicalemans.fr\/wp-content\/uploads\/2026\/04\/Furion_81_6s-1536x864.png 1536w, https:\/\/musicalemans.fr\/wp-content\/uploads\/2026\/04\/Furion_81_6s-990x556.png 990w, https:\/\/musicalemans.fr\/wp-content\/uploads\/2026\/04\/Furion_81_6s.png 1920w\" sizes=\"auto, (max-width: 1024px) 100vw, 1024px\" \/><\/figure>\n<\/div>\n<\/div>\n\n\n\n<div class=\"wp-block-columns is-layout-flex wp-container-core-columns-is-layout-9d6595d7 wp-block-columns-is-layout-flex\">\n<div class=\"wp-block-column is-layout-flow wp-block-column-is-layout-flow\">\n<figure class=\"wp-block-image size-large\"><img loading=\"lazy\" decoding=\"async\" width=\"1024\" height=\"576\" src=\"https:\/\/musicalemans.fr\/wp-content\/uploads\/2025\/02\/IMG_8897-1024x576.jpg\" alt=\"\" class=\"wp-image-534\" srcset=\"https:\/\/musicalemans.fr\/wp-content\/uploads\/2025\/02\/IMG_8897-1024x576.jpg 1024w, https:\/\/musicalemans.fr\/wp-content\/uploads\/2025\/02\/IMG_8897-300x169.jpg 300w, https:\/\/musicalemans.fr\/wp-content\/uploads\/2025\/02\/IMG_8897-768x432.jpg 768w, https:\/\/musicalemans.fr\/wp-content\/uploads\/2025\/02\/IMG_8897-1536x864.jpg 1536w, https:\/\/musicalemans.fr\/wp-content\/uploads\/2025\/02\/IMG_8897-2048x1152.jpg 2048w, https:\/\/musicalemans.fr\/wp-content\/uploads\/2025\/02\/IMG_8897-990x556.jpg 990w, https:\/\/musicalemans.fr\/wp-content\/uploads\/2025\/02\/IMG_8897-1920x1080.jpg 1920w\" sizes=\"auto, (max-width: 1024px) 100vw, 1024px\" \/><\/figure>\n\n\n\n<p style=\"font-size:14px\">\u2b06\ufe0f <strong>Avant-s\u00e9ance au cin\u00e9ma Path\u00e9 du Mans dans le cadre de la projection du film &#8220;En Fanfare&#8221;<\/strong><br><mark style=\"background-color:rgba(0, 0, 0, 0);color:#31c8f8\" class=\"has-inline-color\">Orchestre d&#8217;Harmonie<\/mark><br>Mercredi 27 novembre 2024<\/p>\n<\/div>\n\n\n\n<div class=\"wp-block-column is-layout-flow wp-block-column-is-layout-flow\">\n<div style=\"height:0px\" aria-hidden=\"true\" class=\"wp-block-spacer\"><\/div>\n\n\n\n<p style=\"font-size:14px\">\u2b07\ufe0f <strong>Concert donn\u00e9 devant le parvis du Conservatoire du Mans dans le cadre de l&#8217;\u00e9v\u00e9nement &#8220;Entre Cours et Jardins&#8221;<\/strong> &#8211; en partenariat avec la cantatrice Diana Highbee<br><mark style=\"background-color:rgba(0, 0, 0, 0);color:#ff8f2a\" class=\"has-inline-color\">Orchestre Symphonique<\/mark><br>Dimanche 13 octobre 2024<\/p>\n\n\n\n<figure class=\"wp-block-image size-large\"><img loading=\"lazy\" decoding=\"async\" width=\"1024\" height=\"768\" src=\"https:\/\/musicalemans.fr\/wp-content\/uploads\/2025\/02\/462971265_1154956999970432_3213575935819420447_n-1024x768.jpg\" alt=\"\" class=\"wp-image-535\" srcset=\"https:\/\/musicalemans.fr\/wp-content\/uploads\/2025\/02\/462971265_1154956999970432_3213575935819420447_n-1024x768.jpg 1024w, https:\/\/musicalemans.fr\/wp-content\/uploads\/2025\/02\/462971265_1154956999970432_3213575935819420447_n-300x225.jpg 300w, https:\/\/musicalemans.fr\/wp-content\/uploads\/2025\/02\/462971265_1154956999970432_3213575935819420447_n-768x576.jpg 768w, https:\/\/musicalemans.fr\/wp-content\/uploads\/2025\/02\/462971265_1154956999970432_3213575935819420447_n-1536x1152.jpg 1536w, https:\/\/musicalemans.fr\/wp-content\/uploads\/2025\/02\/462971265_1154956999970432_3213575935819420447_n-960x720.jpg 960w, https:\/\/musicalemans.fr\/wp-content\/uploads\/2025\/02\/462971265_1154956999970432_3213575935819420447_n-640x480.jpg 640w, https:\/\/musicalemans.fr\/wp-content\/uploads\/2025\/02\/462971265_1154956999970432_3213575935819420447_n.jpg 1600w\" sizes=\"auto, (max-width: 1024px) 100vw, 1024px\" \/><\/figure>\n<\/div>\n<\/div>\n\n\n\n<div class=\"wp-block-columns is-layout-flex wp-container-core-columns-is-layout-9d6595d7 wp-block-columns-is-layout-flex\">\n<div class=\"wp-block-column is-layout-flow wp-block-column-is-layout-flow\">\n<figure class=\"wp-block-image size-large\"><img loading=\"lazy\" decoding=\"async\" width=\"1024\" height=\"768\" src=\"https:\/\/musicalemans.fr\/wp-content\/uploads\/2025\/02\/1740385062876-1024x768.webp\" alt=\"\" class=\"wp-image-579\" srcset=\"https:\/\/musicalemans.fr\/wp-content\/uploads\/2025\/02\/1740385062876-1024x768.webp 1024w, https:\/\/musicalemans.fr\/wp-content\/uploads\/2025\/02\/1740385062876-300x225.webp 300w, https:\/\/musicalemans.fr\/wp-content\/uploads\/2025\/02\/1740385062876-768x576.webp 768w, https:\/\/musicalemans.fr\/wp-content\/uploads\/2025\/02\/1740385062876-960x720.webp 960w, https:\/\/musicalemans.fr\/wp-content\/uploads\/2025\/02\/1740385062876-640x480.webp 640w, https:\/\/musicalemans.fr\/wp-content\/uploads\/2025\/02\/1740385062876.webp 1070w\" sizes=\"auto, (max-width: 1024px) 100vw, 1024px\" \/><\/figure>\n\n\n\n<p style=\"font-size:14px\">\u2b06\ufe0f <strong>Animation en <\/strong>centre-ville du Mans par l&#8217;ensemble de cuivres de l&#8217;Harmonie dans le but de promouvoir l&#8217;un de nos concerts<br><mark style=\"background-color:rgba(0, 0, 0, 0);color:#31c8f8\" class=\"has-inline-color\">Orchestre d&#8217;Harmonie<\/mark><br>Samedi 25 mai 2024<br><\/p>\n<\/div>\n\n\n\n<div class=\"wp-block-column is-layout-flow wp-block-column-is-layout-flow\">\n<div style=\"height:108px\" aria-hidden=\"true\" class=\"wp-block-spacer\"><\/div>\n\n\n\n<p style=\"font-size:14px\">\u2b07\ufe0f <strong>Concerts donn\u00e9s en Fan Zone pour le Centenaire des 24h du Mans <\/strong><br><mark style=\"background-color:rgba(0, 0, 0, 0);color:#31c8f8\" class=\"has-inline-color\">Orchestre d&#8217;Harmonie<\/mark><br>Samedi 10 et dimanche 11 juin 2023<\/p>\n\n\n\n<figure class=\"wp-block-image size-large\"><img loading=\"lazy\" decoding=\"async\" width=\"1024\" height=\"683\" src=\"https:\/\/musicalemans.fr\/wp-content\/uploads\/2025\/02\/IMG_0846-1024x683.jpg\" alt=\"\" class=\"wp-image-581\" srcset=\"https:\/\/musicalemans.fr\/wp-content\/uploads\/2025\/02\/IMG_0846-1024x683.jpg 1024w, https:\/\/musicalemans.fr\/wp-content\/uploads\/2025\/02\/IMG_0846-300x200.jpg 300w, https:\/\/musicalemans.fr\/wp-content\/uploads\/2025\/02\/IMG_0846-768x512.jpg 768w, https:\/\/musicalemans.fr\/wp-content\/uploads\/2025\/02\/IMG_0846-1536x1024.jpg 1536w, https:\/\/musicalemans.fr\/wp-content\/uploads\/2025\/02\/IMG_0846-2048x1365.jpg 2048w\" sizes=\"auto, (max-width: 1024px) 100vw, 1024px\" \/><\/figure>\n<\/div>\n<\/div>\n","protected":false},"excerpt":{"rendered":"<p>\u2b07\ufe0f Enregistrement vid\u00e9o d&#8217;une r\u00e9p\u00e9tition par le vid\u00e9aste David Piol\u00e9 pour illustrer le film promotionnel de l&#8217;e-moto mancelle Furion \u2b06\ufe0f Avant-s\u00e9ance au cin\u00e9ma Path\u00e9 du Mans dans le cadre de<a href=\"https:\/\/musicalemans.fr\/index.php\/nos-projets\/\" class=\"more-link\"><span class=\"readmore\">Continue reading<span class=\"screen-reader-text\">Nos projets<\/span><\/span><\/a><\/p>\n","protected":false},"author":4,"featured_media":0,"parent":0,"menu_order":0,"comment_status":"closed","ping_status":"closed","template":"","meta":{"ngg_post_thumbnail":0,"footnotes":""},"class_list":["post-532","page","type-page","status-publish","hentry"],"jetpack_sharing_enabled":true,"_links":{"self":[{"href":"https:\/\/musicalemans.fr\/index.php\/wp-json\/wp\/v2\/pages\/532","targetHints":{"allow":["GET"]}}],"collection":[{"href":"https:\/\/musicalemans.fr\/index.php\/wp-json\/wp\/v2\/pages"}],"about":[{"href":"https:\/\/musicalemans.fr\/index.php\/wp-json\/wp\/v2\/types\/page"}],"author":[{"embeddable":true,"href":"https:\/\/musicalemans.fr\/index.php\/wp-json\/wp\/v2\/users\/4"}],"replies":[{"embeddable":true,"href":"https:\/\/musicalemans.fr\/index.php\/wp-json\/wp\/v2\/comments?post=532"}],"version-history":[{"count":7,"href":"https:\/\/musicalemans.fr\/index.php\/wp-json\/wp\/v2\/pages\/532\/revisions"}],"predecessor-version":[{"id":950,"href":"https:\/\/musicalemans.fr\/index.php\/wp-json\/wp\/v2\/pages\/532\/revisions\/950"}],"wp:attachment":[{"href":"https:\/\/musicalemans.fr\/index.php\/wp-json\/wp\/v2\/media?parent=532"}],"curies":[{"name":"wp","href":"https:\/\/api.w.org\/{rel}","templated":true}]}}